{"id":792,"date":"2020-12-22T19:26:26","date_gmt":"2020-12-22T18:26:26","guid":{"rendered":"https:\/\/paroisse-stgermain.fr\/?page_id=792"},"modified":"2021-01-08T21:57:25","modified_gmt":"2021-01-08T20:57:25","slug":"saint-sacrement","status":"publish","type":"page","link":"https:\/\/paroisse-stgermain.fr\/?page_id=792","title":{"rendered":"Saint Sacrement"},"content":{"rendered":"\n\n\n<p>Tous les <strong>1er samedis du mois <\/strong>apr\u00e8s la messe de 9h15 <br>\u00e0 l&rsquo;\u00e9glise St Germain.<\/p>\n\n\n\n<p>adoration : <em>anim\u00e9e<\/em><br>dur\u00e9e : <em>30 min<\/em><\/p>\n\n\n\n\n\n<div class=\"wp-block-buttons is-layout-flex wp-block-buttons-is-layout-flex\">\n<div class=\"wp-block-button\"><a class=\"wp-block-button__link has-background\" href=\"https:\/\/paroisse-stgermain.fr\/?page_id=747\" style=\"background-color:#ddb667\" target=\"_blank\" rel=\"noreferrer noopener\">\u00c9glise St Germain<\/a><\/div>\n<\/div>\n\n\n\n<p><\/p>\n","protected":false},"excerpt":{"rendered":"<p>Tous les 1er samedis du mois apr\u00e8s la messe de 9h15 \u00e0 l&rsquo;\u00e9glise St Germain. adoration : anim\u00e9edur\u00e9e : 30 min<\/p>\n","protected":false},"author":3,"featured_media":1068,"parent":0,"menu_order":0,"comment_status":"closed","ping_status":"closed","template":"","meta":{"footnotes":""},"class_list":["post-792","page","type-page","status-publish","has-post-thumbnail","hentry"],"_links":{"self":[{"href":"https:\/\/paroisse-stgermain.fr\/index.php?rest_route=\/wp\/v2\/pages\/792","targetHints":{"allow":["GET"]}}],"collection":[{"href":"https:\/\/paroisse-stgermain.fr\/index.php?rest_route=\/wp\/v2\/pages"}],"about":[{"href":"https:\/\/paroisse-stgermain.fr\/index.php?rest_route=\/wp\/v2\/types\/page"}],"author":[{"embeddable":true,"href":"https:\/\/paroisse-stgermain.fr\/index.php?rest_route=\/wp\/v2\/users\/3"}],"replies":[{"embeddable":true,"href":"https:\/\/paroisse-stgermain.fr\/index.php?rest_route=%2Fwp%2Fv2%2Fcomments&post=792"}],"version-history":[{"count":9,"href":"https:\/\/paroisse-stgermain.fr\/index.php?rest_route=\/wp\/v2\/pages\/792\/revisions"}],"predecessor-version":[{"id":1009,"href":"https:\/\/paroisse-stgermain.fr\/index.php?rest_route=\/wp\/v2\/pages\/792\/revisions\/1009"}],"wp:featuredmedia":[{"embeddable":true,"href":"https:\/\/paroisse-stgermain.fr\/index.php?rest_route=\/wp\/v2\/media\/1068"}],"wp:attachment":[{"href":"https:\/\/paroisse-stgermain.fr\/index.php?rest_route=%2Fwp%2Fv2%2Fmedia&parent=792"}],"curies":[{"name":"wp","href":"https:\/\/api.w.org\/{rel}","templated":true}]}}