{"id":8,"date":"2020-04-24T13:16:38","date_gmt":"2020-04-24T11:16:38","guid":{"rendered":"https:\/\/paroisse-stgermain.fr\/?page_id=8"},"modified":"2025-08-23T16:46:33","modified_gmt":"2025-08-23T14:46:33","slug":"biographie","status":"publish","type":"page","link":"https:\/\/paroisse-stgermain.fr\/?page_id=8","title":{"rendered":"Pour les Messes"},"content":{"rendered":"\n<h2 class=\"wp-block-heading\">  <br><\/h2>\n\n\n\n<h2 class=\"wp-block-heading has-text-align-center\"><strong><strong>Paroisse Saint-Germain<\/strong><\/strong><\/h2>\n\n\n\n<h2 class=\"wp-block-heading\"><\/h2>\n\n\n\n<div class=\"wp-block-columns is-layout-flex wp-container-core-columns-is-layout-9d6595d7 wp-block-columns-is-layout-flex\">\n<div class=\"wp-block-column is-layout-flow wp-block-column-is-layout-flow\">\n<p class=\"has-text-align-center\">Mercredi \u00e0 <strong>9h15<\/strong><br>Samedi \u00e0 <strong>9h15<\/strong><br><br><strong>Messe Dominicale<\/strong><br>Samedi \u00e0 <strong>18h30<\/strong> (messe anticip\u00e9e)<br>Dimanche \u00e0 <strong>11h<\/strong><br><\/p>\n<\/div>\n<\/div>\n\n\n\n<h2 class=\"wp-block-heading\">        <\/h2>\n\n\n\n<h2 class=\"wp-block-heading has-text-align-center has-white-color has-text-color has-link-color wp-elements-eaa817ec291c766bf707e682f484d0b0\"><\/h2>\n\n\n\n<h2 class=\"wp-block-heading\">  <br><\/h2>\n\n\n\n<div class=\"wp-block-group\"><div class=\"wp-block-group__inner-container is-layout-flow wp-block-group-is-layout-flow\">\n<h2 class=\"wp-block-heading has-text-align-center\"><strong><strong><strong>La M.I.P<\/strong><\/strong><\/strong><\/h2>\n\n\n\n<h2 class=\"wp-block-heading\">         <\/h2>\n\n\n\n<h2 class=\"wp-block-heading has-white-color has-text-color has-link-color wp-elements-3a9ebf959711022c2ffb88e0592f16bd\">    <\/h2>\n\n\n\n<p class=\"has-text-align-center\">Mardi et Vendredi \u00e0 8h45<\/p>\n<\/div><\/div>\n\n\n\n<div class=\"wp-block-columns is-layout-flex wp-container-core-columns-is-layout-9d6595d7 wp-block-columns-is-layout-flex\">\n<div class=\"wp-block-column is-layout-flow wp-block-column-is-layout-flow\">\n<p>                 <\/p>\n<\/div>\n<\/div>\n\n\n\n<h2 class=\"wp-block-heading\">     <\/h2>\n\n\n\n<h2 class=\"wp-block-heading\">     <br><\/h2>\n\n\n\n<div class=\"wp-block-buttons is-horizontal is-content-justification-center is-layout-flex wp-container-core-buttons-is-layout-499968f5 wp-block-buttons-is-layout-flex\">\n<div class=\"wp-block-button\"><a class=\"wp-block-button__link has-background wp-element-button\" href=\"https:\/\/paroisse-stgermain.fr\/?page_id=813\" style=\"background-color:#ddb667\">En savoir plus<\/a><\/div>\n<\/div>\n\n\n\n<p><\/p>\n","protected":false},"excerpt":{"rendered":"<p>Paroisse Saint-Germain Mercredi \u00e0 9h15Samedi \u00e0 9h15 Messe DominicaleSamedi \u00e0 18h30 (messe anticip\u00e9e)Dimanche \u00e0 11h La M.I.P Mardi et Vendredi \u00e0 8h45<\/p>\n","protected":false},"author":3,"featured_media":700,"parent":0,"menu_order":0,"comment_status":"closed","ping_status":"closed","template":"","meta":{"footnotes":""},"class_list":["post-8","page","type-page","status-publish","has-post-thumbnail","hentry"],"_links":{"self":[{"href":"https:\/\/paroisse-stgermain.fr\/index.php?rest_route=\/wp\/v2\/pages\/8","targetHints":{"allow":["GET"]}}],"collection":[{"href":"https:\/\/paroisse-stgermain.fr\/index.php?rest_route=\/wp\/v2\/pages"}],"about":[{"href":"https:\/\/paroisse-stgermain.fr\/index.php?rest_route=\/wp\/v2\/types\/page"}],"author":[{"embeddable":true,"href":"https:\/\/paroisse-stgermain.fr\/index.php?rest_route=\/wp\/v2\/users\/3"}],"replies":[{"embeddable":true,"href":"https:\/\/paroisse-stgermain.fr\/index.php?rest_route=%2Fwp%2Fv2%2Fcomments&post=8"}],"version-history":[{"count":122,"href":"https:\/\/paroisse-stgermain.fr\/index.php?rest_route=\/wp\/v2\/pages\/8\/revisions"}],"predecessor-version":[{"id":2704,"href":"https:\/\/paroisse-stgermain.fr\/index.php?rest_route=\/wp\/v2\/pages\/8\/revisions\/2704"}],"wp:featuredmedia":[{"embeddable":true,"href":"https:\/\/paroisse-stgermain.fr\/index.php?rest_route=\/wp\/v2\/media\/700"}],"wp:attachment":[{"href":"https:\/\/paroisse-stgermain.fr\/index.php?rest_route=%2Fwp%2Fv2%2Fmedia&parent=8"}],"curies":[{"name":"wp","href":"https:\/\/api.w.org\/{rel}","templated":true}]}}