{"id":801,"date":"2020-12-22T20:15:36","date_gmt":"2020-12-22T19:15:36","guid":{"rendered":"https:\/\/paroisse-stgermain.fr\/?page_id=801"},"modified":"2022-02-23T20:12:25","modified_gmt":"2022-02-23T19:12:25","slug":"confessions","status":"publish","type":"page","link":"https:\/\/paroisse-stgermain.fr\/?page_id=801","title":{"rendered":"Confessions"},"content":{"rendered":"\n<p>Les <strong>mercredis<\/strong> pendant la permanence du pr\u00eatre de <strong>17h \u00e0 19h<\/strong> ou<br>appeler le cur\u00e9 pour un <strong>rendez-vous<\/strong>.<\/p>\n\n\n\n\n\n<div class=\"wp-block-buttons is-layout-flex wp-block-buttons-is-layout-flex\">\n<div class=\"wp-block-button\"><a class=\"wp-block-button__link has-background\" href=\"https:\/\/paroisse-stgermain.fr\/?page_id=747\" style=\"background-color:#ddb667\" target=\"_blank\" rel=\"https:\/\/paroisse-stgermain.fr\/?page_id=747 noopener\">Nos messes<\/a><\/div>\n<\/div>\n\n\n\n<p><\/p>\n","protected":false},"excerpt":{"rendered":"<p>Les mercredis pendant la permanence du pr\u00eatre de 17h \u00e0 19h ouappeler le cur\u00e9 pour un rendez-vous.<\/p>\n","protected":false},"author":3,"featured_media":1164,"parent":0,"menu_order":0,"comment_status":"closed","ping_status":"closed","template":"","meta":{"footnotes":""},"class_list":["post-801","page","type-page","status-publish","has-post-thumbnail","hentry"],"_links":{"self":[{"href":"https:\/\/paroisse-stgermain.fr\/index.php?rest_route=\/wp\/v2\/pages\/801","targetHints":{"allow":["GET"]}}],"collection":[{"href":"https:\/\/paroisse-stgermain.fr\/index.php?rest_route=\/wp\/v2\/pages"}],"about":[{"href":"https:\/\/paroisse-stgermain.fr\/index.php?rest_route=\/wp\/v2\/types\/page"}],"author":[{"embeddable":true,"href":"https:\/\/paroisse-stgermain.fr\/index.php?rest_route=\/wp\/v2\/users\/3"}],"replies":[{"embeddable":true,"href":"https:\/\/paroisse-stgermain.fr\/index.php?rest_route=%2Fwp%2Fv2%2Fcomments&post=801"}],"version-history":[{"count":10,"href":"https:\/\/paroisse-stgermain.fr\/index.php?rest_route=\/wp\/v2\/pages\/801\/revisions"}],"predecessor-version":[{"id":1848,"href":"https:\/\/paroisse-stgermain.fr\/index.php?rest_route=\/wp\/v2\/pages\/801\/revisions\/1848"}],"wp:featuredmedia":[{"embeddable":true,"href":"https:\/\/paroisse-stgermain.fr\/index.php?rest_route=\/wp\/v2\/media\/1164"}],"wp:attachment":[{"href":"https:\/\/paroisse-stgermain.fr\/index.php?rest_route=%2Fwp%2Fv2%2Fmedia&parent=801"}],"curies":[{"name":"wp","href":"https:\/\/api.w.org\/{rel}","templated":true}]}}