{"id":811,"date":"2020-12-22T20:22:07","date_gmt":"2020-12-22T19:22:07","guid":{"rendered":"https:\/\/paroisse-stgermain.fr\/?page_id=811"},"modified":"2021-01-08T22:09:05","modified_gmt":"2021-01-08T21:09:05","slug":"faire-un-don","status":"publish","type":"page","link":"https:\/\/paroisse-stgermain.fr\/?page_id=811","title":{"rendered":"Faire un don"},"content":{"rendered":"\n\n\n<h2 class=\"has-text-align-center has-large-font-size wp-block-heading\"><strong>\u00ab&nbsp;Qu\u00eate en ligne et le Denier&#8230;,<\/strong><br><strong> L&rsquo;\u00e9glise ne vit que de don&nbsp;\u00bb<\/strong><\/h2>\n\n\n\n\n\n\n\n<div class=\"wp-block-columns is-layout-flex wp-container-core-columns-is-layout-9d6595d7 wp-block-columns-is-layout-flex\">\n<div class=\"wp-block-column is-layout-flow wp-block-column-is-layout-flow\">\n<figure class=\"wp-block-image size-large\"><img loading=\"lazy\" decoding=\"async\" width=\"444\" height=\"444\" src=\"https:\/\/paroisse-stgermain.fr\/wp-content\/uploads\/2020\/12\/Don-1.jpg\" alt=\"\" class=\"wp-image-945\" srcset=\"https:\/\/paroisse-stgermain.fr\/wp-content\/uploads\/2020\/12\/Don-1.jpg 444w, https:\/\/paroisse-stgermain.fr\/wp-content\/uploads\/2020\/12\/Don-1-300x300.jpg 300w, https:\/\/paroisse-stgermain.fr\/wp-content\/uploads\/2020\/12\/Don-1-150x150.jpg 150w\" sizes=\"auto, (max-width: 444px) 100vw, 444px\" \/><\/figure>\n<\/div>\n\n\n\n<div class=\"wp-block-column is-layout-flow wp-block-column-is-layout-flow\">\n<h4 class=\"has-text-align-center wp-block-heading\" style=\"font-size:25px\"><strong>Qu\u00eate en ligne<\/strong><\/h4>\n\n\n\n\n\n<p>\u00c0 la fois une offrande, elle est destin\u00e9e \u00e0 subvenir aux besoins de la paroisse : charges et entretien courants des \u00e9difices etc. Le montant du don est laiss\u00e9 \u00e0 l\u2019appr\u00e9ciation de chacun.<\/p>\n\n\n\n\n\n<div class=\"wp-block-buttons is-layout-flex wp-block-buttons-is-layout-flex\">\n<div class=\"wp-block-button is-style-fill\"><a class=\"wp-block-button__link has-background\" href=\"https:\/\/diocese-de-creteil.jedonneaudenier.org\/denier\/~mon-don?\" style=\"background-color:#ddb667\" target=\"_blank\" rel=\"https:\/\/diocese-de-creteil.jedonneaudenier.org\/denier\/~mon-don?noreferrer noopener\">FAIRE UN DON !<\/a><\/div>\n<\/div>\n<\/div>\n<\/div>\n\n\n\n\n\n<div class=\"wp-block-columns is-layout-flex wp-container-core-columns-is-layout-9d6595d7 wp-block-columns-is-layout-flex\">\n<div class=\"wp-block-column is-layout-flow wp-block-column-is-layout-flow\">\n<h4 class=\"has-text-align-center wp-block-heading\" style=\"font-size:25px\"><strong>Le denier de l&rsquo;\u00e9glise catholique<\/strong><\/h4>\n\n\n\n\n\n<p>Votre contribution sert \u00e0 faire vivre les pr\u00eatres de nos paroisses et les la\u00efcs salari\u00e9s qui s&rsquo;engagent \u00e0 leur c\u00f4t\u00e9s. Elle donne \u00e0 l&rsquo;\u00e9glise les moyens de continuer ses nombreuses missions. <\/p>\n\n\n\n<p>Rappelons-nous que les dons constituent les seules ressources de l&rsquo;\u00e9glise catholique.<\/p>\n\n\n\n\n\n<div class=\"wp-block-buttons is-layout-flex wp-block-buttons-is-layout-flex\">\n<div class=\"wp-block-button\"><a class=\"wp-block-button__link has-background\" href=\"https:\/\/jedonneaudenier.org\/\" style=\"background-color:#ddb667\" target=\"_blank\" rel=\"www.jedonneaudenier.org noopener\">FAIRE UN DON !<\/a><\/div>\n<\/div>\n<\/div>\n\n\n\n<div class=\"wp-block-column is-layout-flow wp-block-column-is-layout-flow\">\n<div class=\"wp-block-image\"><figure class=\"alignright size-large\"><img loading=\"lazy\" decoding=\"async\" width=\"444\" height=\"444\" src=\"https:\/\/paroisse-stgermain.fr\/wp-content\/uploads\/2020\/12\/Plan-de-travail-\u2013-2.jpg\" alt=\"\" class=\"wp-image-947\" srcset=\"https:\/\/paroisse-stgermain.fr\/wp-content\/uploads\/2020\/12\/Plan-de-travail-\u2013-2.jpg 444w, https:\/\/paroisse-stgermain.fr\/wp-content\/uploads\/2020\/12\/Plan-de-travail-\u2013-2-300x300.jpg 300w, https:\/\/paroisse-stgermain.fr\/wp-content\/uploads\/2020\/12\/Plan-de-travail-\u2013-2-150x150.jpg 150w\" sizes=\"auto, (max-width: 444px) 100vw, 444px\" \/><\/figure><\/div>\n\n\n\n<p><\/p>\n<\/div>\n<\/div>\n\n\n","protected":false},"excerpt":{"rendered":"<p>\u00ab&nbsp;Qu\u00eate en ligne et le Denier&#8230;, L&rsquo;\u00e9glise ne vit que de don&nbsp;\u00bb Qu\u00eate en ligne \u00c0 la fois une offrande, elle est destin\u00e9e \u00e0 subvenir aux besoins de la paroisse : charges et entretien courants des \u00e9difices etc. Le montant du don est laiss\u00e9 \u00e0 l\u2019appr\u00e9ciation de chacun. Le denier de l&rsquo;\u00e9glise catholique Votre contribution sert \u00e0 faire vivre les pr\u00eatres de nos paroisses et les la\u00efcs salari\u00e9s qui s&rsquo;engagent \u00e0 leur c\u00f4t\u00e9s. Elle donne \u00e0 l&rsquo;\u00e9glise les moyens de continuer ses nombreuses missions. Rappelons-nous que les dons constituent les seules ressources de l&rsquo;\u00e9glise catholique.<\/p>\n","protected":false},"author":3,"featured_media":1166,"parent":0,"menu_order":0,"comment_status":"closed","ping_status":"closed","template":"","meta":{"footnotes":""},"class_list":["post-811","page","type-page","status-publish","has-post-thumbnail","hentry"],"_links":{"self":[{"href":"https:\/\/paroisse-stgermain.fr\/index.php?rest_route=\/wp\/v2\/pages\/811","targetHints":{"allow":["GET"]}}],"collection":[{"href":"https:\/\/paroisse-stgermain.fr\/index.php?rest_route=\/wp\/v2\/pages"}],"about":[{"href":"https:\/\/paroisse-stgermain.fr\/index.php?rest_route=\/wp\/v2\/types\/page"}],"author":[{"embeddable":true,"href":"https:\/\/paroisse-stgermain.fr\/index.php?rest_route=\/wp\/v2\/users\/3"}],"replies":[{"embeddable":true,"href":"https:\/\/paroisse-stgermain.fr\/index.php?rest_route=%2Fwp%2Fv2%2Fcomments&post=811"}],"version-history":[{"count":36,"href":"https:\/\/paroisse-stgermain.fr\/index.php?rest_route=\/wp\/v2\/pages\/811\/revisions"}],"predecessor-version":[{"id":2675,"href":"https:\/\/paroisse-stgermain.fr\/index.php?rest_route=\/wp\/v2\/pages\/811\/revisions\/2675"}],"wp:featuredmedia":[{"embeddable":true,"href":"https:\/\/paroisse-stgermain.fr\/index.php?rest_route=\/wp\/v2\/media\/1166"}],"wp:attachment":[{"href":"https:\/\/paroisse-stgermain.fr\/index.php?rest_route=%2Fwp%2Fv2%2Fmedia&parent=811"}],"curies":[{"name":"wp","href":"https:\/\/api.w.org\/{rel}","templated":true}]}}