{"id":813,"date":"2020-12-22T20:22:43","date_gmt":"2020-12-22T19:22:43","guid":{"rendered":"https:\/\/paroisse-stgermain.fr\/?page_id=813"},"modified":"2023-07-07T11:40:43","modified_gmt":"2023-07-07T09:40:43","slug":"horaires","status":"publish","type":"page","link":"https:\/\/paroisse-stgermain.fr\/?page_id=813","title":{"rendered":"Horaires"},"content":{"rendered":"\n<h2 class=\"wp-block-heading\"><strong>Paroisse Saint Germain<\/strong><\/h2>\n\n\n\n<p><strong>Adresse postale<\/strong>&nbsp;: Place de l\u2019\u00c9glise, 94400 Vitry-sur-Seine<br><strong>T\u00e9l :<\/strong>&nbsp;07 51 16 08 23 ou 01 76 74 76 95<\/p>\n\n\n\n<p>Cur\u00e9 : P\u00e8re Joseph LOKENDANDJALA<\/p>\n\n\n\n\n\n<h4 class=\"has-text-align-center wp-block-heading\"><\/h4>\n\n\n\n\n\n<div class=\"wp-block-buttons is-content-justification-center is-layout-flex wp-block-buttons-is-layout-flex\">\n<div class=\"wp-block-button\"><a class=\"wp-block-button__link has-background\" href=\"https:\/\/paroisse-stgermain.fr\/?page_id=747\" style=\"background-color:#ddb667\">Consulter les horaires<\/a><\/div>\n<\/div>\n\n\n\n\n\n<hr class=\"wp-block-separator is-style-wide\"\/>\n\n\n\n\n\n<h2 class=\"wp-block-heading\"><strong>La M.I.P<\/strong><\/h2>\n\n\n\n<p><strong>Adresse postale&nbsp;:<\/strong>&nbsp;27 rue du 18 juin 1940<br><strong>T\u00e9l&nbsp;<\/strong>: 01 46 80 36 95<br><a rel=\"noreferrer noopener\" href=\"mailto:stgermain-mip.vitry@diocese-creteil.fr\" target=\"_blank\">stgermain-mip.vitry@diocese-creteil.fr<\/a><\/p>\n\n\n\n\n\n<h4 class=\"has-text-align-center wp-block-heading\"><\/h4>\n\n\n\n\n\n<div class=\"wp-block-buttons is-content-justification-center is-layout-flex wp-block-buttons-is-layout-flex\">\n<div class=\"wp-block-button\"><a class=\"wp-block-button__link has-background\" href=\"https:\/\/paroisse-stgermain.fr\/?page_id=750\" style=\"background-color:#ddb667\">Consulter les horaires<\/a><\/div>\n<\/div>\n\n\n","protected":false},"excerpt":{"rendered":"<p>Paroisse Saint Germain Adresse postale&nbsp;: Place de l\u2019\u00c9glise, 94400 Vitry-sur-SeineT\u00e9l :&nbsp;07 51 16 08 23 ou 01 76 74 76 95 Cur\u00e9 : P\u00e8re Joseph LOKENDANDJALA La M.I.P Adresse postale&nbsp;:&nbsp;27 rue du 18 juin 1940T\u00e9l&nbsp;: 01 46 80 36 95stgermain-mip.vitry@diocese-creteil.fr<\/p>\n","protected":false},"author":3,"featured_media":1077,"parent":0,"menu_order":0,"comment_status":"closed","ping_status":"closed","template":"","meta":{"footnotes":""},"class_list":["post-813","page","type-page","status-publish","has-post-thumbnail","hentry"],"_links":{"self":[{"href":"https:\/\/paroisse-stgermain.fr\/index.php?rest_route=\/wp\/v2\/pages\/813","targetHints":{"allow":["GET"]}}],"collection":[{"href":"https:\/\/paroisse-stgermain.fr\/index.php?rest_route=\/wp\/v2\/pages"}],"about":[{"href":"https:\/\/paroisse-stgermain.fr\/index.php?rest_route=\/wp\/v2\/types\/page"}],"author":[{"embeddable":true,"href":"https:\/\/paroisse-stgermain.fr\/index.php?rest_route=\/wp\/v2\/users\/3"}],"replies":[{"embeddable":true,"href":"https:\/\/paroisse-stgermain.fr\/index.php?rest_route=%2Fwp%2Fv2%2Fcomments&post=813"}],"version-history":[{"count":19,"href":"https:\/\/paroisse-stgermain.fr\/index.php?rest_route=\/wp\/v2\/pages\/813\/revisions"}],"predecessor-version":[{"id":2090,"href":"https:\/\/paroisse-stgermain.fr\/index.php?rest_route=\/wp\/v2\/pages\/813\/revisions\/2090"}],"wp:featuredmedia":[{"embeddable":true,"href":"https:\/\/paroisse-stgermain.fr\/index.php?rest_route=\/wp\/v2\/media\/1077"}],"wp:attachment":[{"href":"https:\/\/paroisse-stgermain.fr\/index.php?rest_route=%2Fwp%2Fv2%2Fmedia&parent=813"}],"curies":[{"name":"wp","href":"https:\/\/api.w.org\/{rel}","templated":true}]}}